{"id":27,"date":"2025-04-25T05:22:03","date_gmt":"2025-04-25T03:22:03","guid":{"rendered":"https:\/\/boats4fun-novalja.com\/?page_id=27"},"modified":"2025-05-16T13:03:10","modified_gmt":"2025-05-16T11:03:10","slug":"home","status":"publish","type":"page","link":"https:\/\/boats4fun-novalja.com\/en\/","title":{"rendered":"Home"},"content":{"rendered":"\t\t<div data-elementor-type=\"wp-page\" data-elementor-id=\"27\" class=\"elementor elementor-27\" data-elementor-post-type=\"page\">\n\t\t\t\t<div class=\"elementor-element elementor-element-8d7524c e-flex e-con-boxed elementor-invisible e-con e-parent\" data-id=\"8d7524c\" data-element_type=\"container\" data-e-type=\"container\" data-settings=\"{&quot;background_background&quot;:&quot;slideshow&quot;,&quot;background_slideshow_gallery&quot;:[{&quot;id&quot;:34,&quot;url&quot;:&quot;https:\\\/\\\/boats4fun-novalja.com\\\/wp-content\\\/uploads\\\/2025\\\/04\\\/jet-boat-top.jpg&quot;},{&quot;id&quot;:48,&quot;url&quot;:&quot;https:\\\/\\\/boats4fun-novalja.com\\\/wp-content\\\/uploads\\\/2025\\\/04\\\/jet-boat-top-2.jpg&quot;},{&quot;id&quot;:198,&quot;url&quot;:&quot;https:\\\/\\\/boats4fun-novalja.com\\\/wp-content\\\/uploads\\\/2025\\\/04\\\/podmornica-fun.jpg&quot;}],&quot;background_slideshow_transition_duration&quot;:600,&quot;background_slideshow_ken_burns&quot;:&quot;yes&quot;,&quot;animation&quot;:&quot;fadeIn&quot;,&quot;background_slideshow_loop&quot;:&quot;yes&quot;,&quot;background_slideshow_slide_duration&quot;:5000,&quot;background_slideshow_slide_transition&quot;:&quot;fade&quot;,&quot;background_slideshow_ken_burns_zoom_direction&quot;:&quot;in&quot;}\">\n\t\t\t\t\t<div class=\"e-con-inner\">\n\t\t<div class=\"elementor-element elementor-element-e96169b e-con-full e-flex e-con e-child\" data-id=\"e96169b\" data-element_type=\"container\" data-e-type=\"container\">\n\t\t<div class=\"elementor-element elementor-element-90ad557 e-con-full e-flex e-con e-child\" data-id=\"90ad557\" data-element_type=\"container\" data-e-type=\"container\" data-settings=\"{&quot;background_background&quot;:&quot;classic&quot;}\">\n\t\t\t\t<div class=\"elementor-element elementor-element-08a737d elementor-invisible elementor-widget elementor-widget-heading\" data-id=\"08a737d\" data-element_type=\"widget\" data-e-type=\"widget\" data-settings=\"{&quot;_animation&quot;:&quot;fadeInDown&quot;}\" data-widget_type=\"heading.default\">\n\t\t\t\t\t<h1 class=\"elementor-heading-title elementor-size-default\">Boats 4 Fun - Novalja<\/h1>\t\t\t\t<\/div>\n\t\t\t\t<div class=\"elementor-element elementor-element-c68ac0d elementor-invisible elementor-widget elementor-widget-heading\" data-id=\"c68ac0d\" data-element_type=\"widget\" data-e-type=\"widget\" data-settings=\"{&quot;_animation&quot;:&quot;fadeInUp&quot;}\" data-widget_type=\"heading.default\">\n\t\t\t\t\t<p class=\"elementor-heading-title elementor-size-default\">jet boat, polupodmornica,<br>adrenalin, avantura...<\/p>\t\t\t\t<\/div>\n\t\t\t\t<\/div>\n\t\t<div class=\"elementor-element elementor-element-541a186 e-con-full e-flex e-con e-child\" data-id=\"541a186\" data-element_type=\"container\" data-e-type=\"container\" data-settings=\"{&quot;background_background&quot;:&quot;classic&quot;}\">\n\t\t\t\t<div class=\"elementor-element elementor-element-34c8e3f elementor-widget elementor-widget-image\" data-id=\"34c8e3f\" data-element_type=\"widget\" data-e-type=\"widget\" data-widget_type=\"image.default\">\n\t\t\t\t\t\t\t\t\t\t\t\t\t\t\t<img decoding=\"async\" width=\"200\" height=\"200\" src=\"https:\/\/boats4fun-novalja.com\/wp-content\/uploads\/2025\/04\/logo-stranice.png\" class=\"attachment-full size-full wp-image-276\" alt=\"\" srcset=\"https:\/\/boats4fun-novalja.com\/wp-content\/uploads\/2025\/04\/logo-stranice.png 200w, https:\/\/boats4fun-novalja.com\/wp-content\/uploads\/2025\/04\/logo-stranice-150x150.png 150w\" sizes=\"(max-width: 200px) 100vw, 200px\" \/>\t\t\t\t\t\t\t\t\t\t\t\t\t\t\t<\/div>\n\t\t\t\t<\/div>\n\t\t\t\t<\/div>\n\t\t\t\t\t<\/div>\n\t\t\t\t<\/div>\n\t\t<div class=\"elementor-element elementor-element-fb79f68 e-con-full e-flex elementor-invisible e-con e-parent\" data-id=\"fb79f68\" data-element_type=\"container\" data-e-type=\"container\" data-settings=\"{&quot;animation&quot;:&quot;fadeIn&quot;,&quot;background_background&quot;:&quot;classic&quot;,&quot;sticky&quot;:&quot;top&quot;,&quot;sticky_on&quot;:[&quot;desktop&quot;],&quot;sticky_offset&quot;:0,&quot;sticky_effects_offset&quot;:0,&quot;sticky_anchor_link_offset&quot;:0}\">\n\t\t\t\t<div class=\"elementor-element elementor-element-6c3a498 elementor-align-left elementor-mobile-align-left elementor-widget elementor-widget-button\" data-id=\"6c3a498\" data-element_type=\"widget\" data-e-type=\"widget\" data-widget_type=\"button.default\">\n\t\t\t\t\t\t\t\t\t\t<a class=\"elementor-button elementor-button-link elementor-size-sm elementor-animation-push\" href=\"#jet\">\n\t\t\t\t\t\t<span class=\"elementor-button-content-wrapper\">\n\t\t\t\t\t\t<span class=\"elementor-button-icon\">\n\t\t\t\t<svg aria-hidden=\"true\" class=\"e-font-icon-svg e-fas-long-arrow-alt-down\" viewBox=\"0 0 256 512\" xmlns=\"http:\/\/www.w3.org\/2000\/svg\"><path d=\"M168 345.941V44c0-6.627-5.373-12-12-12h-56c-6.627 0-12 5.373-12 12v301.941H41.941c-21.382 0-32.09 25.851-16.971 40.971l86.059 86.059c9.373 9.373 24.569 9.373 33.941 0l86.059-86.059c15.119-15.119 4.411-40.971-16.971-40.971H168z\"><\/path><\/svg>\t\t\t<\/span>\n\t\t\t\t\t\t\t\t\t<span class=\"elementor-button-text\">Jet Boat<\/span>\n\t\t\t\t\t<\/span>\n\t\t\t\t\t<\/a>\n\t\t\t\t\t\t\t\t<\/div>\n\t\t\t\t<div class=\"elementor-element elementor-element-b43939b elementor-align-left elementor-widget elementor-widget-button\" data-id=\"b43939b\" data-element_type=\"widget\" data-e-type=\"widget\" data-widget_type=\"button.default\">\n\t\t\t\t\t\t\t\t\t\t<a class=\"elementor-button elementor-button-link elementor-size-sm elementor-animation-push\" href=\"#polu\">\n\t\t\t\t\t\t<span class=\"elementor-button-content-wrapper\">\n\t\t\t\t\t\t<span class=\"elementor-button-icon\">\n\t\t\t\t<svg aria-hidden=\"true\" class=\"e-font-icon-svg e-fas-long-arrow-alt-down\" viewBox=\"0 0 256 512\" xmlns=\"http:\/\/www.w3.org\/2000\/svg\"><path d=\"M168 345.941V44c0-6.627-5.373-12-12-12h-56c-6.627 0-12 5.373-12 12v301.941H41.941c-21.382 0-32.09 25.851-16.971 40.971l86.059 86.059c9.373 9.373 24.569 9.373 33.941 0l86.059-86.059c15.119-15.119 4.411-40.971-16.971-40.971H168z\"><\/path><\/svg>\t\t\t<\/span>\n\t\t\t\t\t\t\t\t\t<span class=\"elementor-button-text\">Polu-Podmornica<\/span>\n\t\t\t\t\t<\/span>\n\t\t\t\t\t<\/a>\n\t\t\t\t\t\t\t\t<\/div>\n\t\t\t\t<\/div>\n\t\t<div class=\"elementor-element elementor-element-abca75d e-flex e-con-boxed e-con e-parent\" data-id=\"abca75d\" data-element_type=\"container\" data-e-type=\"container\" data-settings=\"{&quot;background_background&quot;:&quot;classic&quot;}\">\n\t\t\t\t\t<div class=\"e-con-inner\">\n\t\t<div class=\"elementor-element elementor-element-ad6c7ff e-con-full e-flex e-con e-child\" data-id=\"ad6c7ff\" data-element_type=\"container\" data-e-type=\"container\">\n\t\t\t\t<div class=\"elementor-element elementor-element-df70df8 elementor-invisible elementor-widget elementor-widget-heading\" data-id=\"df70df8\" data-element_type=\"widget\" data-e-type=\"widget\" data-settings=\"{&quot;_animation&quot;:&quot;fadeInDown&quot;}\" data-widget_type=\"heading.default\">\n\t\t\t\t\t<h2 class=\"elementor-heading-title elementor-size-default\">Boats 4 fun avantura<\/h2>\t\t\t\t<\/div>\n\t\t\t\t<div class=\"elementor-element elementor-element-5ac9f6f elementor-widget elementor-widget-text-editor\" data-id=\"5ac9f6f\" data-element_type=\"widget\" data-e-type=\"widget\" data-widget_type=\"text-editor.default\">\n\t\t\t\t\t\t\t\t\t<p>Nudimo vam nezaboravne turisti\u010dke pomorske ture s dva jedinstvena plovila \u2013 jet boatom i polupodmornicom.<\/p><p>Do\u017eivite uzbu\u0111enje brzih vo\u017enji na jet boatu, gdje \u0107ete u\u017eivati u adrenalinskoj vo\u017enji morem, te istra\u017eivanju podmorja s polupodmornicom, koja omogu\u0107uje sigurnu i udobnu vo\u017enju dok istra\u017eujete morski \u017eivot. Na\u0161a ponuda savr\u0161ena je za ljubitelje prirode, avanture i mora, pru\u017eaju\u0107i nezaboravan do\u017eivljaj za sve uzraste.<\/p>\t\t\t\t\t\t\t\t<\/div>\n\t\t\t\t<\/div>\n\t\t<div class=\"elementor-element elementor-element-685f06d e-con-full e-flex e-con e-child\" data-id=\"685f06d\" data-element_type=\"container\" data-e-type=\"container\">\n\t\t\t\t<div class=\"elementor-element elementor-element-313c39b elementor-widget elementor-widget-video\" data-id=\"313c39b\" data-element_type=\"widget\" data-e-type=\"widget\" data-settings=\"{&quot;show_image_overlay&quot;:&quot;yes&quot;,&quot;image_overlay&quot;:{&quot;url&quot;:&quot;https:\\\/\\\/boats4fun-novalja.com\\\/wp-content\\\/uploads\\\/2025\\\/04\\\/video_01-Cover.jpg&quot;,&quot;id&quot;:111,&quot;size&quot;:&quot;&quot;,&quot;alt&quot;:&quot;&quot;,&quot;source&quot;:&quot;library&quot;},&quot;video_type&quot;:&quot;hosted&quot;,&quot;controls&quot;:&quot;yes&quot;}\" data-widget_type=\"video.default\">\n\t\t\t\t\t\t\t<div class=\"e-hosted-video elementor-wrapper elementor-open-inline\">\n\t\t\t\t\t<video class=\"elementor-video\" src=\"https:\/\/boats4fun-novalja.com\/wp-content\/uploads\/2025\/04\/video_01.mp4\" controls=\"\" preload=\"metadata\" controlsList=\"nodownload\"><\/video>\n\t\t\t\t\t\t<div class=\"elementor-custom-embed-image-overlay\" style=\"background-image: url(https:\/\/boats4fun-novalja.com\/wp-content\/uploads\/2025\/04\/video_01-Cover.jpg);\">\n\t\t\t\t\t\t\t\t\t\t\t\t\t\t\t\t<div class=\"elementor-custom-embed-play\" role=\"button\" aria-label=\"Play Video\" tabindex=\"0\">\n\t\t\t\t\t\t\t<svg aria-hidden=\"true\" class=\"e-font-icon-svg e-eicon-play\" viewBox=\"0 0 1000 1000\" xmlns=\"http:\/\/www.w3.org\/2000\/svg\"><path d=\"M838 162C746 71 633 25 500 25 371 25 258 71 163 162 71 254 25 367 25 500 25 633 71 746 163 837 254 929 367 979 500 979 633 979 746 933 838 837 929 746 975 633 975 500 975 367 929 254 838 162M808 192C892 279 933 379 933 500 933 621 892 725 808 808 725 892 621 938 500 938 379 938 279 896 196 808 113 725 67 621 67 500 67 379 108 279 196 192 279 108 383 62 500 62 621 62 721 108 808 192M438 392V642L642 517 438 392Z\"><\/path><\/svg>\t\t\t\t\t\t<\/div>\n\t\t\t\t\t\t\t\t\t<\/div>\n\t\t\t\t\t<\/div>\n\t\t\t\t\t\t<\/div>\n\t\t\t\t<\/div>\n\t\t\t\t\t<\/div>\n\t\t\t\t<\/div>\n\t\t<div class=\"elementor-element elementor-element-f79d48e e-con-full e-flex e-con e-parent\" data-id=\"f79d48e\" data-element_type=\"container\" data-e-type=\"container\" id=\"jet\">\n\t\t<div class=\"elementor-element elementor-element-d1b657e e-con-full e-flex e-con e-child\" data-id=\"d1b657e\" data-element_type=\"container\" data-e-type=\"container\">\n\t\t\t\t<div class=\"elementor-element elementor-element-1e5d107 elementor-invisible elementor-widget elementor-widget-heading\" data-id=\"1e5d107\" data-element_type=\"widget\" data-e-type=\"widget\" data-settings=\"{&quot;_animation&quot;:&quot;fadeInDown&quot;}\" data-widget_type=\"heading.default\">\n\t\t\t\t\t<h2 class=\"elementor-heading-title elementor-size-default\">Jet Boat<\/h2>\t\t\t\t<\/div>\n\t\t\t\t<div class=\"elementor-element elementor-element-ec92ea8 elementor-widget elementor-widget-heading\" data-id=\"ec92ea8\" data-element_type=\"widget\" data-e-type=\"widget\" data-widget_type=\"heading.default\">\n\t\t\t\t\t<p class=\"elementor-heading-title elementor-size-default\">Puno brzine, okreta, adrenalina... nezaboravna avantura<\/p>\t\t\t\t<\/div>\n\t\t\t\t<div class=\"elementor-element elementor-element-28f141c elementor-align-center elementor-widget elementor-widget-button\" data-id=\"28f141c\" data-element_type=\"widget\" data-e-type=\"widget\" data-widget_type=\"button.default\">\n\t\t\t\t\t\t\t\t\t\t<a class=\"elementor-button elementor-button-link elementor-size-sm\" href=\"https:\/\/boats4fun-novalja.com\/en\/jet-boat\/\">\n\t\t\t\t\t\t<span class=\"elementor-button-content-wrapper\">\n\t\t\t\t\t\t\t\t\t<span class=\"elementor-button-text\">Vi\u0161e &amp; Rezerviraj<\/span>\n\t\t\t\t\t<\/span>\n\t\t\t\t\t<\/a>\n\t\t\t\t\t\t\t\t<\/div>\n\t\t\t\t<div class=\"elementor-element elementor-element-7efa47d elementor-hidden-tablet elementor-hidden-mobile elementor-widget elementor-widget-ucaddon_qr_code\" data-id=\"7efa47d\" data-element_type=\"widget\" data-e-type=\"widget\" data-widget_type=\"ucaddon_qr_code.default\">\n\t\t\t\t<div class=\"elementor-widget-container\">\n\t\t\t\t\t\n<!-- start QR Code -->\n\t\t<link id='font-awesome-css' href='https:\/\/boats4fun-novalja.com\/wp-content\/plugins\/unlimited-elements-for-elementor-premium\/assets_libraries\/font-awesome6\/fontawesome-all.min.css' type='text\/css' rel='stylesheet' >\n\t\t<link id='font-awesome-4-shim-css' href='https:\/\/boats4fun-novalja.com\/wp-content\/plugins\/unlimited-elements-for-elementor-premium\/assets_libraries\/font-awesome6\/fontawesome-v4-shims.min.css' type='text\/css' rel='stylesheet' >\n\n<style>\/* widget: QR Code *\/\n\n#uc_qr_code_elementor_7efa47d.ue_qr_wrapper{\n  display:flex;\n  width:100%;\n}\n\n#uc_qr_code_elementor_7efa47d .ue_qr_holder{\n  display:flex;\n  justify-content:center;\n  align-items:center;\n  overflow:hidden;\n  position: relative;\n}\n#uc_qr_code_elementor_7efa47d .ue_qr_holder canvas, #uc_qr_code_elementor_7efa47d .ue_qr_holder svg{\n  width: 100%;\n}\n#uc_qr_code_elementor_7efa47d .ue_qr_title{\n  width:100%;\n  display:flex;\n  justify-content:center;\n  align-items:center;\n}\n#uc_qr_code_elementor_7efa47d .ue_qr_title svg{\n  width:1em;\n  height:1em;\n}\n#uc_qr_code_elementor_7efa47d .ue_qr_canvas_holder{\n  display: flex;\n  flex-direction: column;\n  width:100%;\n  aspect-ratio: 1 \/ 1;\n  background-color:#ffffff;\n  overflow:hidden;\n}\n\n\n\n\n<\/style>\n\n<div id=\"uc_qr_code_elementor_7efa47d\" class=\"ue_qr_wrapper\">\n  <div class=\"ue_qr_holder\">\n    <div id=\"uc_qr_code_elementor_7efa47d_qr\" class=\"ue_qr_canvas_holder\" >\n          <\/div>\n    <div class=\"ue_qr_title\"><i class='fas fa-qrcode'><\/i>QR Code<\/div>      <\/div>\n<\/div>\n<!-- end QR Code -->\t\t\t\t<\/div>\n\t\t\t\t<\/div>\n\t\t\t\t<\/div>\n\t\t<div class=\"elementor-element elementor-element-d82fc48 e-con-full e-flex e-con e-child\" data-id=\"d82fc48\" data-element_type=\"container\" data-e-type=\"container\" data-settings=\"{&quot;background_background&quot;:&quot;classic&quot;}\">\n\t\t\t\t<\/div>\n\t\t\t\t<\/div>\n\t\t<div class=\"elementor-element elementor-element-9dc3b74 e-con-full e-flex e-con e-parent\" data-id=\"9dc3b74\" data-element_type=\"container\" data-e-type=\"container\" id=\"polu\" data-settings=\"{&quot;background_background&quot;:&quot;classic&quot;}\">\n\t\t<div class=\"elementor-element elementor-element-b0d9c8e e-con-full e-flex e-con e-child\" data-id=\"b0d9c8e\" data-element_type=\"container\" data-e-type=\"container\" data-settings=\"{&quot;background_background&quot;:&quot;gradient&quot;}\">\n\t\t\t\t<div class=\"elementor-element elementor-element-48b97cc elementor-invisible elementor-widget elementor-widget-heading\" data-id=\"48b97cc\" data-element_type=\"widget\" data-e-type=\"widget\" data-settings=\"{&quot;_animation&quot;:&quot;fadeInDown&quot;}\" data-widget_type=\"heading.default\">\n\t\t\t\t\t<h2 class=\"elementor-heading-title elementor-size-default\">Polu - Podmornica<\/h2>\t\t\t\t<\/div>\n\t\t\t\t<div class=\"elementor-element elementor-element-4c855e7 elementor-invisible elementor-widget elementor-widget-heading\" data-id=\"4c855e7\" data-element_type=\"widget\" data-e-type=\"widget\" data-settings=\"{&quot;_animation&quot;:&quot;fadeInUp&quot;}\" data-widget_type=\"heading.default\">\n\t\t\t\t\t<p class=\"elementor-heading-title elementor-size-default\">do\u017eivite \u010daroliju podmorja, <br>bogatstvo morskog svijeta bez ronjenja\n<\/p>\t\t\t\t<\/div>\n\t\t\t\t<div class=\"elementor-element elementor-element-e4db8f0 elementor-align-center elementor-widget elementor-widget-button\" data-id=\"e4db8f0\" data-element_type=\"widget\" data-e-type=\"widget\" data-widget_type=\"button.default\">\n\t\t\t\t\t\t\t\t\t\t<a class=\"elementor-button elementor-button-link elementor-size-sm\" href=\"https:\/\/boats4fun-novalja.com\/en\/polu-podmornica\/\">\n\t\t\t\t\t\t<span class=\"elementor-button-content-wrapper\">\n\t\t\t\t\t\t\t\t\t<span class=\"elementor-button-text\">Vi\u0161e &amp; Rezerviraj<\/span>\n\t\t\t\t\t<\/span>\n\t\t\t\t\t<\/a>\n\t\t\t\t\t\t\t\t<\/div>\n\t\t\t\t<\/div>\n\t\t<div class=\"elementor-element elementor-element-ece85aa e-con-full e-flex e-con e-child\" data-id=\"ece85aa\" data-element_type=\"container\" data-e-type=\"container\" data-settings=\"{&quot;background_background&quot;:&quot;classic&quot;}\">\n\t\t\t\t<\/div>\n\t\t\t\t<\/div>\n\t\t<div class=\"elementor-element elementor-element-b7f76ef e-con-full e-flex e-con e-parent\" data-id=\"b7f76ef\" data-element_type=\"container\" data-e-type=\"container\">\n\t\t\t\t<div class=\"elementor-element elementor-element-063e4d3 elementor-widget elementor-widget-google_maps\" data-id=\"063e4d3\" data-element_type=\"widget\" data-e-type=\"widget\" data-widget_type=\"google_maps.default\">\n\t\t\t\t\t\t\t<div class=\"elementor-custom-embed\">\n\t\t\t<iframe loading=\"lazy\"\n\t\t\t\t\tsrc=\"https:\/\/maps.google.com\/maps?q=Boats%204%20fun%20Novalja&#038;t=m&#038;z=16&#038;output=embed&#038;iwloc=near\"\n\t\t\t\t\ttitle=\"Boats 4 fun Novalja\"\n\t\t\t\t\taria-label=\"Boats 4 fun Novalja\"\n\t\t\t><\/iframe>\n\t\t<\/div>\n\t\t\t\t\t\t<\/div>\n\t\t\t\t<\/div>\n\t\t\t\t<\/div>\n\t\t","protected":false},"excerpt":{"rendered":"<p>Boats 4 Fun &#8211; Novalja jet boat, polupodmornica,adrenalin, avantura&#8230; Jet Boat Polu-Podmornica Boats 4 fun avantura Nudimo vam nezaboravne turisti\u010dke pomorske ture s dva jedinstvena plovila \u2013 jet boatom i polupodmornicom. Do\u017eivite uzbu\u0111enje brzih vo\u017enji na jet boatu, gdje \u0107ete u\u017eivati u adrenalinskoj vo\u017enji morem, te istra\u017eivanju podmorja s polupodmornicom, koja omogu\u0107uje sigurnu i udobnu [&hellip;]<\/p>\n","protected":false},"author":1,"featured_media":0,"parent":0,"menu_order":0,"comment_status":"closed","ping_status":"closed","template":"elementor_header_footer","meta":{"footnotes":""},"class_list":["post-27","page","type-page","status-publish","hentry"],"_links":{"self":[{"href":"https:\/\/boats4fun-novalja.com\/en\/wp-json\/wp\/v2\/pages\/27","targetHints":{"allow":["GET"]}}],"collection":[{"href":"https:\/\/boats4fun-novalja.com\/en\/wp-json\/wp\/v2\/pages"}],"about":[{"href":"https:\/\/boats4fun-novalja.com\/en\/wp-json\/wp\/v2\/types\/page"}],"author":[{"embeddable":true,"href":"https:\/\/boats4fun-novalja.com\/en\/wp-json\/wp\/v2\/users\/1"}],"replies":[{"embeddable":true,"href":"https:\/\/boats4fun-novalja.com\/en\/wp-json\/wp\/v2\/comments?post=27"}],"version-history":[{"count":226,"href":"https:\/\/boats4fun-novalja.com\/en\/wp-json\/wp\/v2\/pages\/27\/revisions"}],"predecessor-version":[{"id":552,"href":"https:\/\/boats4fun-novalja.com\/en\/wp-json\/wp\/v2\/pages\/27\/revisions\/552"}],"wp:attachment":[{"href":"https:\/\/boats4fun-novalja.com\/en\/wp-json\/wp\/v2\/media?parent=27"}],"curies":[{"name":"wp","href":"https:\/\/api.w.org\/{rel}","templated":true}]}}