{"id":363,"date":"2025-04-27T06:42:17","date_gmt":"2025-04-27T04:42:17","guid":{"rendered":"https:\/\/boats4fun-novalja.com\/?page_id=363"},"modified":"2025-05-16T13:31:03","modified_gmt":"2025-05-16T11:31:03","slug":"jet-boat","status":"publish","type":"page","link":"https:\/\/boats4fun-novalja.com\/en\/jet-boat\/","title":{"rendered":"Jet Boat"},"content":{"rendered":"\t\t<div data-elementor-type=\"wp-page\" data-elementor-id=\"363\" class=\"elementor elementor-363\" data-elementor-post-type=\"page\">\n\t\t\t\t<div class=\"elementor-element elementor-element-799e836 e-con-full e-flex elementor-invisible e-con e-parent\" data-id=\"799e836\" data-element_type=\"container\" data-e-type=\"container\" data-settings=\"{&quot;animation&quot;:&quot;fadeIn&quot;}\">\n\t\t<div class=\"elementor-element elementor-element-4d92bbd e-con-full e-flex e-con e-child\" data-id=\"4d92bbd\" data-element_type=\"container\" data-e-type=\"container\">\n\t\t\t\t<div class=\"elementor-element elementor-element-7913cb7 elementor-widget elementor-widget-image\" data-id=\"7913cb7\" data-element_type=\"widget\" data-e-type=\"widget\" data-widget_type=\"image.default\">\n\t\t\t\t\t\t\t\t\t\t\t\t\t\t\t<img decoding=\"async\" width=\"200\" height=\"200\" src=\"https:\/\/boats4fun-novalja.com\/wp-content\/uploads\/2025\/04\/logo-stranice.png\" class=\"attachment-full size-full wp-image-276\" alt=\"\" srcset=\"https:\/\/boats4fun-novalja.com\/wp-content\/uploads\/2025\/04\/logo-stranice.png 200w, https:\/\/boats4fun-novalja.com\/wp-content\/uploads\/2025\/04\/logo-stranice-150x150.png 150w\" sizes=\"(max-width: 200px) 100vw, 200px\" \/>\t\t\t\t\t\t\t\t\t\t\t\t\t\t\t<\/div>\n\t\t\t\t<div class=\"elementor-element elementor-element-ab05828 elementor-invisible elementor-widget elementor-widget-heading\" data-id=\"ab05828\" data-element_type=\"widget\" data-e-type=\"widget\" data-settings=\"{&quot;_animation&quot;:&quot;fadeInDown&quot;}\" data-widget_type=\"heading.default\">\n\t\t\t\t\t<h1 class=\"elementor-heading-title elementor-size-default\">Jet Boat - Novalja<\/h1>\t\t\t\t<\/div>\n\t\t\t\t<div class=\"elementor-element elementor-element-4c01e15 elementor-invisible elementor-widget elementor-widget-heading\" data-id=\"4c01e15\" data-element_type=\"widget\" data-e-type=\"widget\" data-settings=\"{&quot;_animation&quot;:&quot;fadeInUp&quot;}\" data-widget_type=\"heading.default\">\n\t\t\t\t\t<p class=\"elementor-heading-title elementor-size-default\">jet boat, adrenalin, avantura...<\/p>\t\t\t\t<\/div>\n\t\t\t\t<\/div>\n\t\t<div class=\"elementor-element elementor-element-019f046 e-con-full e-flex e-con e-child\" data-id=\"019f046\" data-element_type=\"container\" data-e-type=\"container\" data-settings=\"{&quot;background_background&quot;:&quot;slideshow&quot;,&quot;background_slideshow_gallery&quot;:[{&quot;id&quot;:153,&quot;url&quot;:&quot;https:\\\/\\\/boats4fun-novalja.com\\\/wp-content\\\/uploads\\\/2025\\\/04\\\/jet-1.jpg&quot;},{&quot;id&quot;:154,&quot;url&quot;:&quot;https:\\\/\\\/boats4fun-novalja.com\\\/wp-content\\\/uploads\\\/2025\\\/04\\\/jet-2.jpg&quot;},{&quot;id&quot;:155,&quot;url&quot;:&quot;https:\\\/\\\/boats4fun-novalja.com\\\/wp-content\\\/uploads\\\/2025\\\/04\\\/jet-3.jpg&quot;}],&quot;background_slideshow_ken_burns&quot;:&quot;yes&quot;,&quot;background_slideshow_loop&quot;:&quot;yes&quot;,&quot;background_slideshow_slide_duration&quot;:5000,&quot;background_slideshow_slide_transition&quot;:&quot;fade&quot;,&quot;background_slideshow_transition_duration&quot;:500,&quot;background_slideshow_ken_burns_zoom_direction&quot;:&quot;in&quot;}\">\n\t\t\t\t<\/div>\n\t\t\t\t<\/div>\n\t\t<div class=\"elementor-element elementor-element-12f05b7 e-con-full e-flex elementor-invisible e-con e-parent\" data-id=\"12f05b7\" data-element_type=\"container\" data-e-type=\"container\" data-settings=\"{&quot;animation&quot;:&quot;fadeIn&quot;}\">\n\t\t<div class=\"elementor-element elementor-element-2615cd1 e-con-full e-flex e-con e-child\" data-id=\"2615cd1\" data-element_type=\"container\" data-e-type=\"container\">\n\t\t\t\t<div class=\"elementor-element elementor-element-248b5a2 elementor-invisible elementor-widget elementor-widget-heading\" data-id=\"248b5a2\" data-element_type=\"widget\" data-e-type=\"widget\" data-settings=\"{&quot;_animation&quot;:&quot;fadeInDown&quot;}\" data-widget_type=\"heading.default\">\n\t\t\t\t\t<h2 class=\"elementor-heading-title elementor-size-default\">Jet Boat<\/h2>\t\t\t\t<\/div>\n\t\t\t\t<div class=\"elementor-element elementor-element-6f761cd elementor-widget elementor-widget-text-editor\" data-id=\"6f761cd\" data-element_type=\"widget\" data-e-type=\"widget\" data-widget_type=\"text-editor.default\">\n\t\t\t\t\t\t\t\t\t<p>Jet boat adrenalinske ture nude uzbudljivo iskustvo na moru, gdje posjetitelji u\u017eivaju u brzim i dinami\u010dnim vo\u017enjama brodom.<\/p><p>S naglim skretanjima, visokim brzinama i iznenadnim naglim ko\u010denjem, ove ture pru\u017eaju nevjerojatnu dozu adrenalina i zabave. Idealne su za ljubitelje uzbu\u0111enja i avantura, jer kombiniraju spektakularne prirodne ljepote s nevjerojatnim osje\u0107ajem slobode i brze vo\u017enje.<\/p><p>Uz profesionalne skipere i sigurnosne mjere, vo\u017enja jetboatom je siguran, ali neodoljivo uzbudljiv na\u010din za do\u017eivjeti vodene povr\u0161ine.<\/p><ul><li><strong>440HP Power brake Drifts<\/strong><\/li><li><strong>Excellent performance<\/strong><\/li><li><strong>Unique Jet ride<\/strong><\/li><li><strong>High speed<\/strong><\/li><li><strong>360\u00b0 Spins<\/strong><\/li><\/ul>\t\t\t\t\t\t\t\t<\/div>\n\t\t\t\t<div class=\"elementor-element elementor-element-f6337e0 elementor-align-center elementor-widget elementor-widget-button\" data-id=\"f6337e0\" data-element_type=\"widget\" data-e-type=\"widget\" data-widget_type=\"button.default\">\n\t\t\t\t\t\t\t\t\t\t<a class=\"elementor-button elementor-button-link elementor-size-sm\" href=\"https:\/\/api.whatsapp.com\/send?phone=+385991954092\" target=\"_blank\">\n\t\t\t\t\t\t<span class=\"elementor-button-content-wrapper\">\n\t\t\t\t\t\t<span class=\"elementor-button-icon\">\n\t\t\t\t<svg aria-hidden=\"true\" class=\"e-font-icon-svg e-fab-whatsapp-square\" viewBox=\"0 0 448 512\" xmlns=\"http:\/\/www.w3.org\/2000\/svg\"><path d=\"M224 122.8c-72.7 0-131.8 59.1-131.9 131.8 0 24.9 7 49.2 20.2 70.1l3.1 5-13.3 48.6 49.9-13.1 4.8 2.9c20.2 12 43.4 18.4 67.1 18.4h.1c72.6 0 133.3-59.1 133.3-131.8 0-35.2-15.2-68.3-40.1-93.2-25-25-58-38.7-93.2-38.7zm77.5 188.4c-3.3 9.3-19.1 17.7-26.7 18.8-12.6 1.9-22.4.9-47.5-9.9-39.7-17.2-65.7-57.2-67.7-59.8-2-2.6-16.2-21.5-16.2-41s10.2-29.1 13.9-33.1c3.6-4 7.9-5 10.6-5 2.6 0 5.3 0 7.6.1 2.4.1 5.7-.9 8.9 6.8 3.3 7.9 11.2 27.4 12.2 29.4s1.7 4.3.3 6.9c-7.6 15.2-15.7 14.6-11.6 21.6 15.3 26.3 30.6 35.4 53.9 47.1 4 2 6.3 1.7 8.6-1 2.3-2.6 9.9-11.6 12.5-15.5 2.6-4 5.3-3.3 8.9-2 3.6 1.3 23.1 10.9 27.1 12.9s6.6 3 7.6 4.6c.9 1.9.9 9.9-2.4 19.1zM400 32H48C21.5 32 0 53.5 0 80v352c0 26.5 21.5 48 48 48h352c26.5 0 48-21.5 48-48V80c0-26.5-21.5-48-48-48zM223.9 413.2c-26.6 0-52.7-6.7-75.8-19.3L64 416l22.5-82.2c-13.9-24-21.2-51.3-21.2-79.3C65.4 167.1 136.5 96 223.9 96c42.4 0 82.2 16.5 112.2 46.5 29.9 30 47.9 69.8 47.9 112.2 0 87.4-72.7 158.5-160.1 158.5z\"><\/path><\/svg>\t\t\t<\/span>\n\t\t\t\t\t\t\t\t\t<span class=\"elementor-button-text\">Rezerviraj Turu<\/span>\n\t\t\t\t\t<\/span>\n\t\t\t\t\t<\/a>\n\t\t\t\t\t\t\t\t<\/div>\n\t\t\t\t<\/div>\n\t\t<div class=\"elementor-element elementor-element-c485de4 e-con-full e-flex e-con e-child\" data-id=\"c485de4\" data-element_type=\"container\" data-e-type=\"container\">\n\t\t\t\t<div class=\"elementor-element elementor-element-b5a43a5 elementor-widget elementor-widget-gallery\" data-id=\"b5a43a5\" data-element_type=\"widget\" data-e-type=\"widget\" data-settings=\"{&quot;columns&quot;:3,&quot;gap&quot;:{&quot;unit&quot;:&quot;px&quot;,&quot;size&quot;:1,&quot;sizes&quot;:[]},&quot;gap_mobile&quot;:{&quot;unit&quot;:&quot;px&quot;,&quot;size&quot;:1,&quot;sizes&quot;:[]},&quot;background_overlay_hover_animation&quot;:&quot;enter-zoom-in&quot;,&quot;lazyload&quot;:&quot;yes&quot;,&quot;gallery_layout&quot;:&quot;grid&quot;,&quot;columns_tablet&quot;:2,&quot;columns_mobile&quot;:1,&quot;gap_tablet&quot;:{&quot;unit&quot;:&quot;px&quot;,&quot;size&quot;:10,&quot;sizes&quot;:[]},&quot;link_to&quot;:&quot;file&quot;,&quot;aspect_ratio&quot;:&quot;3:2&quot;,&quot;overlay_background&quot;:&quot;yes&quot;,&quot;content_hover_animation&quot;:&quot;fade-in&quot;}\" data-widget_type=\"gallery.default\">\n\t\t\t\t\t\t\t<div class=\"elementor-gallery__container\">\n\t\t\t\t\t\t\t<a class=\"e-gallery-item elementor-gallery-item elementor-animated-content\" href=\"https:\/\/boats4fun-novalja.com\/wp-content\/uploads\/2025\/04\/jet-vez.jpg\" data-elementor-open-lightbox=\"yes\" data-elementor-lightbox-slideshow=\"b5a43a5\" data-elementor-lightbox-title=\"jet-vez\" data-e-action-hash=\"#elementor-action%3Aaction%3Dlightbox%26settings%3DeyJpZCI6NDM2LCJ1cmwiOiJodHRwczpcL1wvYm9hdHM0ZnVuLW5vdmFsamEuY29tXC93cC1jb250ZW50XC91cGxvYWRzXC8yMDI1XC8wNFwvamV0LXZlei5qcGciLCJzbGlkZXNob3ciOiJiNWE0M2E1In0%3D\">\n\t\t\t\t\t<div class=\"e-gallery-image elementor-gallery-item__image\" data-thumbnail=\"https:\/\/boats4fun-novalja.com\/wp-content\/uploads\/2025\/04\/jet-vez.jpg\" data-width=\"800\" data-height=\"450\" aria-label=\"\" role=\"img\" ><\/div>\n\t\t\t\t\t\t\t\t\t\t\t<div class=\"elementor-gallery-item__overlay\"><\/div>\n\t\t\t\t\t\t\t\t\t\t\t\t\t\t<\/a>\n\t\t\t\t\t\t\t<a class=\"e-gallery-item elementor-gallery-item elementor-animated-content\" href=\"https:\/\/boats4fun-novalja.com\/wp-content\/uploads\/2025\/04\/jet-boat.jpg\" data-elementor-open-lightbox=\"yes\" data-elementor-lightbox-slideshow=\"b5a43a5\" data-elementor-lightbox-title=\"jet-boat\" data-e-action-hash=\"#elementor-action%3Aaction%3Dlightbox%26settings%3DeyJpZCI6NDMzLCJ1cmwiOiJodHRwczpcL1wvYm9hdHM0ZnVuLW5vdmFsamEuY29tXC93cC1jb250ZW50XC91cGxvYWRzXC8yMDI1XC8wNFwvamV0LWJvYXQuanBnIiwic2xpZGVzaG93IjoiYjVhNDNhNSJ9\">\n\t\t\t\t\t<div class=\"e-gallery-image elementor-gallery-item__image\" data-thumbnail=\"https:\/\/boats4fun-novalja.com\/wp-content\/uploads\/2025\/04\/jet-boat.jpg\" data-width=\"800\" data-height=\"450\" aria-label=\"\" role=\"img\" ><\/div>\n\t\t\t\t\t\t\t\t\t\t\t<div class=\"elementor-gallery-item__overlay\"><\/div>\n\t\t\t\t\t\t\t\t\t\t\t\t\t\t<\/a>\n\t\t\t\t\t\t\t<a class=\"e-gallery-item elementor-gallery-item elementor-animated-content\" href=\"https:\/\/boats4fun-novalja.com\/wp-content\/uploads\/2025\/04\/jet-adrenalin.jpg\" data-elementor-open-lightbox=\"yes\" data-elementor-lightbox-slideshow=\"b5a43a5\" data-elementor-lightbox-title=\"jet-adrenalin\" data-e-action-hash=\"#elementor-action%3Aaction%3Dlightbox%26settings%3DeyJpZCI6NDMxLCJ1cmwiOiJodHRwczpcL1wvYm9hdHM0ZnVuLW5vdmFsamEuY29tXC93cC1jb250ZW50XC91cGxvYWRzXC8yMDI1XC8wNFwvamV0LWFkcmVuYWxpbi5qcGciLCJzbGlkZXNob3ciOiJiNWE0M2E1In0%3D\">\n\t\t\t\t\t<div class=\"e-gallery-image elementor-gallery-item__image\" data-thumbnail=\"https:\/\/boats4fun-novalja.com\/wp-content\/uploads\/2025\/04\/jet-adrenalin.jpg\" data-width=\"800\" data-height=\"451\" aria-label=\"\" role=\"img\" ><\/div>\n\t\t\t\t\t\t\t\t\t\t\t<div class=\"elementor-gallery-item__overlay\"><\/div>\n\t\t\t\t\t\t\t\t\t\t\t\t\t\t<\/a>\n\t\t\t\t\t\t\t<a class=\"e-gallery-item elementor-gallery-item elementor-animated-content\" href=\"https:\/\/boats4fun-novalja.com\/wp-content\/uploads\/2025\/04\/jet-drift.jpg\" data-elementor-open-lightbox=\"yes\" data-elementor-lightbox-slideshow=\"b5a43a5\" data-elementor-lightbox-title=\"jet-drift\" data-e-action-hash=\"#elementor-action%3Aaction%3Dlightbox%26settings%3DeyJpZCI6NDM0LCJ1cmwiOiJodHRwczpcL1wvYm9hdHM0ZnVuLW5vdmFsamEuY29tXC93cC1jb250ZW50XC91cGxvYWRzXC8yMDI1XC8wNFwvamV0LWRyaWZ0LmpwZyIsInNsaWRlc2hvdyI6ImI1YTQzYTUifQ%3D%3D\">\n\t\t\t\t\t<div class=\"e-gallery-image elementor-gallery-item__image\" data-thumbnail=\"https:\/\/boats4fun-novalja.com\/wp-content\/uploads\/2025\/04\/jet-drift.jpg\" data-width=\"800\" data-height=\"451\" aria-label=\"\" role=\"img\" ><\/div>\n\t\t\t\t\t\t\t\t\t\t\t<div class=\"elementor-gallery-item__overlay\"><\/div>\n\t\t\t\t\t\t\t\t\t\t\t\t\t\t<\/a>\n\t\t\t\t\t\t\t<a class=\"e-gallery-item elementor-gallery-item elementor-animated-content\" href=\"https:\/\/boats4fun-novalja.com\/wp-content\/uploads\/2025\/04\/jet-adrenalin-2.jpg\" data-elementor-open-lightbox=\"yes\" data-elementor-lightbox-slideshow=\"b5a43a5\" data-elementor-lightbox-title=\"jet-adrenalin-2\" data-e-action-hash=\"#elementor-action%3Aaction%3Dlightbox%26settings%3DeyJpZCI6NDMyLCJ1cmwiOiJodHRwczpcL1wvYm9hdHM0ZnVuLW5vdmFsamEuY29tXC93cC1jb250ZW50XC91cGxvYWRzXC8yMDI1XC8wNFwvamV0LWFkcmVuYWxpbi0yLmpwZyIsInNsaWRlc2hvdyI6ImI1YTQzYTUifQ%3D%3D\">\n\t\t\t\t\t<div class=\"e-gallery-image elementor-gallery-item__image\" data-thumbnail=\"https:\/\/boats4fun-novalja.com\/wp-content\/uploads\/2025\/04\/jet-adrenalin-2.jpg\" data-width=\"800\" data-height=\"451\" aria-label=\"\" role=\"img\" ><\/div>\n\t\t\t\t\t\t\t\t\t\t\t<div class=\"elementor-gallery-item__overlay\"><\/div>\n\t\t\t\t\t\t\t\t\t\t\t\t\t\t<\/a>\n\t\t\t\t\t\t\t<a class=\"e-gallery-item elementor-gallery-item elementor-animated-content\" href=\"https:\/\/boats4fun-novalja.com\/wp-content\/uploads\/2025\/04\/jet-ekipa.jpg\" data-elementor-open-lightbox=\"yes\" data-elementor-lightbox-slideshow=\"b5a43a5\" data-elementor-lightbox-title=\"jet-ekipa\" data-e-action-hash=\"#elementor-action%3Aaction%3Dlightbox%26settings%3DeyJpZCI6NDM1LCJ1cmwiOiJodHRwczpcL1wvYm9hdHM0ZnVuLW5vdmFsamEuY29tXC93cC1jb250ZW50XC91cGxvYWRzXC8yMDI1XC8wNFwvamV0LWVraXBhLmpwZyIsInNsaWRlc2hvdyI6ImI1YTQzYTUifQ%3D%3D\">\n\t\t\t\t\t<div class=\"e-gallery-image elementor-gallery-item__image\" data-thumbnail=\"https:\/\/boats4fun-novalja.com\/wp-content\/uploads\/2025\/04\/jet-ekipa.jpg\" data-width=\"800\" data-height=\"450\" aria-label=\"\" role=\"img\" ><\/div>\n\t\t\t\t\t\t\t\t\t\t\t<div class=\"elementor-gallery-item__overlay\"><\/div>\n\t\t\t\t\t\t\t\t\t\t\t\t\t\t<\/a>\n\t\t\t\t\t\t\t<a class=\"e-gallery-item elementor-gallery-item elementor-animated-content\" href=\"https:\/\/boats4fun-novalja.com\/wp-content\/uploads\/2025\/04\/jet-1.jpg\" data-elementor-open-lightbox=\"yes\" data-elementor-lightbox-slideshow=\"b5a43a5\" data-elementor-lightbox-title=\"jet-1\" data-e-action-hash=\"#elementor-action%3Aaction%3Dlightbox%26settings%3DeyJpZCI6MTUzLCJ1cmwiOiJodHRwczpcL1wvYm9hdHM0ZnVuLW5vdmFsamEuY29tXC93cC1jb250ZW50XC91cGxvYWRzXC8yMDI1XC8wNFwvamV0LTEuanBnIiwic2xpZGVzaG93IjoiYjVhNDNhNSJ9\">\n\t\t\t\t\t<div class=\"e-gallery-image elementor-gallery-item__image\" data-thumbnail=\"https:\/\/boats4fun-novalja.com\/wp-content\/uploads\/2025\/04\/jet-1.jpg\" data-width=\"700\" data-height=\"467\" aria-label=\"\" role=\"img\" ><\/div>\n\t\t\t\t\t\t\t\t\t\t\t<div class=\"elementor-gallery-item__overlay\"><\/div>\n\t\t\t\t\t\t\t\t\t\t\t\t\t\t<\/a>\n\t\t\t\t\t\t\t<a class=\"e-gallery-item elementor-gallery-item elementor-animated-content\" href=\"https:\/\/boats4fun-novalja.com\/wp-content\/uploads\/2025\/04\/jet-3.jpg\" data-elementor-open-lightbox=\"yes\" data-elementor-lightbox-slideshow=\"b5a43a5\" data-elementor-lightbox-title=\"jet-3\" data-e-action-hash=\"#elementor-action%3Aaction%3Dlightbox%26settings%3DeyJpZCI6MTU1LCJ1cmwiOiJodHRwczpcL1wvYm9hdHM0ZnVuLW5vdmFsamEuY29tXC93cC1jb250ZW50XC91cGxvYWRzXC8yMDI1XC8wNFwvamV0LTMuanBnIiwic2xpZGVzaG93IjoiYjVhNDNhNSJ9\">\n\t\t\t\t\t<div class=\"e-gallery-image elementor-gallery-item__image\" data-thumbnail=\"https:\/\/boats4fun-novalja.com\/wp-content\/uploads\/2025\/04\/jet-3.jpg\" data-width=\"700\" data-height=\"467\" aria-label=\"\" role=\"img\" ><\/div>\n\t\t\t\t\t\t\t\t\t\t\t<div class=\"elementor-gallery-item__overlay\"><\/div>\n\t\t\t\t\t\t\t\t\t\t\t\t\t\t<\/a>\n\t\t\t\t\t\t\t<a class=\"e-gallery-item elementor-gallery-item elementor-animated-content\" href=\"https:\/\/boats4fun-novalja.com\/wp-content\/uploads\/2025\/04\/jet-2.jpg\" data-elementor-open-lightbox=\"yes\" data-elementor-lightbox-slideshow=\"b5a43a5\" data-elementor-lightbox-title=\"jet-2\" data-e-action-hash=\"#elementor-action%3Aaction%3Dlightbox%26settings%3DeyJpZCI6MTU0LCJ1cmwiOiJodHRwczpcL1wvYm9hdHM0ZnVuLW5vdmFsamEuY29tXC93cC1jb250ZW50XC91cGxvYWRzXC8yMDI1XC8wNFwvamV0LTIuanBnIiwic2xpZGVzaG93IjoiYjVhNDNhNSJ9\">\n\t\t\t\t\t<div class=\"e-gallery-image elementor-gallery-item__image\" data-thumbnail=\"https:\/\/boats4fun-novalja.com\/wp-content\/uploads\/2025\/04\/jet-2.jpg\" data-width=\"700\" data-height=\"467\" aria-label=\"\" role=\"img\" ><\/div>\n\t\t\t\t\t\t\t\t\t\t\t<div class=\"elementor-gallery-item__overlay\"><\/div>\n\t\t\t\t\t\t\t\t\t\t\t\t\t\t<\/a>\n\t\t\t\t\t<\/div>\n\t\t\t\t\t<\/div>\n\t\t\t\t<\/div>\n\t\t\t\t<\/div>\n\t\t\t\t<\/div>\n\t\t","protected":false},"excerpt":{"rendered":"<p>Jet Boat &#8211; Novalja jet boat, adrenalin, avantura&#8230; Jet Boat Jet boat adrenalinske ture nude uzbudljivo iskustvo na moru, gdje posjetitelji u\u017eivaju u brzim i dinami\u010dnim vo\u017enjama brodom. S naglim skretanjima, visokim brzinama i iznenadnim naglim ko\u010denjem, ove ture pru\u017eaju nevjerojatnu dozu adrenalina i zabave. Idealne su za ljubitelje uzbu\u0111enja i avantura, jer kombiniraju spektakularne [&hellip;]<\/p>\n","protected":false},"author":1,"featured_media":0,"parent":0,"menu_order":0,"comment_status":"closed","ping_status":"closed","template":"","meta":{"footnotes":""},"class_list":["post-363","page","type-page","status-publish","hentry"],"_links":{"self":[{"href":"https:\/\/boats4fun-novalja.com\/en\/wp-json\/wp\/v2\/pages\/363","targetHints":{"allow":["GET"]}}],"collection":[{"href":"https:\/\/boats4fun-novalja.com\/en\/wp-json\/wp\/v2\/pages"}],"about":[{"href":"https:\/\/boats4fun-novalja.com\/en\/wp-json\/wp\/v2\/types\/page"}],"author":[{"embeddable":true,"href":"https:\/\/boats4fun-novalja.com\/en\/wp-json\/wp\/v2\/users\/1"}],"replies":[{"embeddable":true,"href":"https:\/\/boats4fun-novalja.com\/en\/wp-json\/wp\/v2\/comments?post=363"}],"version-history":[{"count":70,"href":"https:\/\/boats4fun-novalja.com\/en\/wp-json\/wp\/v2\/pages\/363\/revisions"}],"predecessor-version":[{"id":559,"href":"https:\/\/boats4fun-novalja.com\/en\/wp-json\/wp\/v2\/pages\/363\/revisions\/559"}],"wp:attachment":[{"href":"https:\/\/boats4fun-novalja.com\/en\/wp-json\/wp\/v2\/media?parent=363"}],"curies":[{"name":"wp","href":"https:\/\/api.w.org\/{rel}","templated":true}]}}