{"id":365,"date":"2025-04-27T06:42:40","date_gmt":"2025-04-27T04:42:40","guid":{"rendered":"https:\/\/boats4fun-novalja.com\/?page_id=365"},"modified":"2025-04-28T20:16:34","modified_gmt":"2025-04-28T18:16:34","slug":"polu-podmornica","status":"publish","type":"page","link":"https:\/\/boats4fun-novalja.com\/en\/polu-podmornica\/","title":{"rendered":"Semi-Submarine"},"content":{"rendered":"\t\t<div data-elementor-type=\"wp-page\" data-elementor-id=\"365\" class=\"elementor elementor-365\" data-elementor-post-type=\"page\">\n\t\t\t\t<div class=\"elementor-element elementor-element-fe82d06 e-con-full e-flex elementor-invisible e-con e-parent\" data-id=\"fe82d06\" data-element_type=\"container\" data-e-type=\"container\" data-settings=\"{&quot;animation&quot;:&quot;fadeIn&quot;}\">\n\t\t<div class=\"elementor-element elementor-element-cfb85c4 e-con-full e-flex e-con e-child\" data-id=\"cfb85c4\" data-element_type=\"container\" data-e-type=\"container\">\n\t\t\t\t<div class=\"elementor-element elementor-element-3f3f181 elementor-widget elementor-widget-image\" data-id=\"3f3f181\" data-element_type=\"widget\" data-e-type=\"widget\" data-widget_type=\"image.default\">\n\t\t\t\t\t\t\t\t\t\t\t\t\t\t\t<img decoding=\"async\" width=\"200\" height=\"200\" src=\"https:\/\/boats4fun-novalja.com\/wp-content\/uploads\/2025\/04\/logo-stranice.png\" class=\"attachment-full size-full wp-image-276\" alt=\"\" srcset=\"https:\/\/boats4fun-novalja.com\/wp-content\/uploads\/2025\/04\/logo-stranice.png 200w, https:\/\/boats4fun-novalja.com\/wp-content\/uploads\/2025\/04\/logo-stranice-150x150.png 150w\" sizes=\"(max-width: 200px) 100vw, 200px\" \/>\t\t\t\t\t\t\t\t\t\t\t\t\t\t\t<\/div>\n\t\t\t\t<div class=\"elementor-element elementor-element-cf898a7 elementor-invisible elementor-widget elementor-widget-heading\" data-id=\"cf898a7\" data-element_type=\"widget\" data-e-type=\"widget\" data-settings=\"{&quot;_animation&quot;:&quot;fadeInDown&quot;}\" data-widget_type=\"heading.default\">\n\t\t\t\t\t<h1 class=\"elementor-heading-title elementor-size-default\">Polu Podmornica<\/h1>\t\t\t\t<\/div>\n\t\t\t\t<div class=\"elementor-element elementor-element-7c1b231 elementor-invisible elementor-widget elementor-widget-heading\" data-id=\"7c1b231\" data-element_type=\"widget\" data-e-type=\"widget\" data-settings=\"{&quot;_animation&quot;:&quot;fadeInUp&quot;}\" data-widget_type=\"heading.default\">\n\t\t\t\t\t<p class=\"elementor-heading-title elementor-size-default\">do\u017eivite \u010daroliju podmorja, <br>bogatstvo morskog svijeta bez ronjenja\n<\/p>\t\t\t\t<\/div>\n\t\t\t\t<\/div>\n\t\t<div class=\"elementor-element elementor-element-411107e e-con-full e-flex e-con e-child\" data-id=\"411107e\" data-element_type=\"container\" data-e-type=\"container\" data-settings=\"{&quot;background_background&quot;:&quot;slideshow&quot;,&quot;background_slideshow_gallery&quot;:[{&quot;id&quot;:182,&quot;url&quot;:&quot;https:\\\/\\\/boats4fun-novalja.com\\\/wp-content\\\/uploads\\\/2025\\\/04\\\/semi-3.jpg&quot;},{&quot;id&quot;:181,&quot;url&quot;:&quot;https:\\\/\\\/boats4fun-novalja.com\\\/wp-content\\\/uploads\\\/2025\\\/04\\\/semi-2.jpg&quot;},{&quot;id&quot;:180,&quot;url&quot;:&quot;https:\\\/\\\/boats4fun-novalja.com\\\/wp-content\\\/uploads\\\/2025\\\/04\\\/semi-1.jpg&quot;}],&quot;background_slideshow_ken_burns&quot;:&quot;yes&quot;,&quot;background_slideshow_loop&quot;:&quot;yes&quot;,&quot;background_slideshow_slide_duration&quot;:5000,&quot;background_slideshow_slide_transition&quot;:&quot;fade&quot;,&quot;background_slideshow_transition_duration&quot;:500,&quot;background_slideshow_ken_burns_zoom_direction&quot;:&quot;in&quot;}\">\n\t\t\t\t<\/div>\n\t\t\t\t<\/div>\n\t\t<div class=\"elementor-element elementor-element-d8adbca e-con-full e-flex elementor-invisible e-con e-parent\" data-id=\"d8adbca\" data-element_type=\"container\" data-e-type=\"container\" data-settings=\"{&quot;animation&quot;:&quot;fadeIn&quot;}\">\n\t\t<div class=\"elementor-element elementor-element-6c58504 e-con-full e-flex e-con e-child\" data-id=\"6c58504\" data-element_type=\"container\" data-e-type=\"container\">\n\t\t\t\t<div class=\"elementor-element elementor-element-e72b20a elementor-invisible elementor-widget elementor-widget-heading\" data-id=\"e72b20a\" data-element_type=\"widget\" data-e-type=\"widget\" data-settings=\"{&quot;_animation&quot;:&quot;fadeInDown&quot;}\" data-widget_type=\"heading.default\">\n\t\t\t\t\t<h2 class=\"elementor-heading-title elementor-size-default\">Polu Podmornica<\/h2>\t\t\t\t<\/div>\n\t\t\t\t<div class=\"elementor-element elementor-element-9d8d3a2 elementor-widget elementor-widget-text-editor\" data-id=\"9d8d3a2\" data-element_type=\"widget\" data-e-type=\"widget\" data-widget_type=\"text-editor.default\">\n\t\t\t\t\t\t\t\t\t<p>Krenite na nezaboravno putovanje polupodmornicom i do\u017eivite \u010daroliju podmorja \u2013 sigurno, udobno i bez ronjenja!<\/p><p>Kroz velike staklene prozore pru\u017ea se fascinantan pogled na bogatstvo morskog svijeta. Budu\u0107i da plovilo ne uranja potpuno, vo\u017enja je pogodna i za osobe koje pate od klaustrofobije \u2013 u svakom trenutku mo\u017eete se opustiti na palubi.<\/p><p>Odaberite dnevnu ili no\u0107nu vo\u017enju i prepustite se avanturi koju \u0107ete dugo pamtiti!<\/p>\t\t\t\t\t\t\t\t<\/div>\n\t\t\t\t<div class=\"elementor-element elementor-element-3e03292 elementor-align-center elementor-widget elementor-widget-button\" data-id=\"3e03292\" data-element_type=\"widget\" data-e-type=\"widget\" data-widget_type=\"button.default\">\n\t\t\t\t\t\t\t\t\t\t<a class=\"elementor-button elementor-button-link elementor-size-sm\" href=\"https:\/\/api.whatsapp.com\/send?phone=+385991954092\" target=\"_blank\">\n\t\t\t\t\t\t<span class=\"elementor-button-content-wrapper\">\n\t\t\t\t\t\t<span class=\"elementor-button-icon\">\n\t\t\t\t<svg aria-hidden=\"true\" class=\"e-font-icon-svg e-fab-whatsapp-square\" viewBox=\"0 0 448 512\" xmlns=\"http:\/\/www.w3.org\/2000\/svg\"><path d=\"M224 122.8c-72.7 0-131.8 59.1-131.9 131.8 0 24.9 7 49.2 20.2 70.1l3.1 5-13.3 48.6 49.9-13.1 4.8 2.9c20.2 12 43.4 18.4 67.1 18.4h.1c72.6 0 133.3-59.1 133.3-131.8 0-35.2-15.2-68.3-40.1-93.2-25-25-58-38.7-93.2-38.7zm77.5 188.4c-3.3 9.3-19.1 17.7-26.7 18.8-12.6 1.9-22.4.9-47.5-9.9-39.7-17.2-65.7-57.2-67.7-59.8-2-2.6-16.2-21.5-16.2-41s10.2-29.1 13.9-33.1c3.6-4 7.9-5 10.6-5 2.6 0 5.3 0 7.6.1 2.4.1 5.7-.9 8.9 6.8 3.3 7.9 11.2 27.4 12.2 29.4s1.7 4.3.3 6.9c-7.6 15.2-15.7 14.6-11.6 21.6 15.3 26.3 30.6 35.4 53.9 47.1 4 2 6.3 1.7 8.6-1 2.3-2.6 9.9-11.6 12.5-15.5 2.6-4 5.3-3.3 8.9-2 3.6 1.3 23.1 10.9 27.1 12.9s6.6 3 7.6 4.6c.9 1.9.9 9.9-2.4 19.1zM400 32H48C21.5 32 0 53.5 0 80v352c0 26.5 21.5 48 48 48h352c26.5 0 48-21.5 48-48V80c0-26.5-21.5-48-48-48zM223.9 413.2c-26.6 0-52.7-6.7-75.8-19.3L64 416l22.5-82.2c-13.9-24-21.2-51.3-21.2-79.3C65.4 167.1 136.5 96 223.9 96c42.4 0 82.2 16.5 112.2 46.5 29.9 30 47.9 69.8 47.9 112.2 0 87.4-72.7 158.5-160.1 158.5z\"><\/path><\/svg>\t\t\t<\/span>\n\t\t\t\t\t\t\t\t\t<span class=\"elementor-button-text\">Rezerviraj Turu<\/span>\n\t\t\t\t\t<\/span>\n\t\t\t\t\t<\/a>\n\t\t\t\t\t\t\t\t<\/div>\n\t\t\t\t<\/div>\n\t\t<div class=\"elementor-element elementor-element-f08f987 e-con-full e-flex e-con e-child\" data-id=\"f08f987\" data-element_type=\"container\" data-e-type=\"container\">\n\t\t\t\t<div class=\"elementor-element elementor-element-3750c12 elementor-widget elementor-widget-gallery\" data-id=\"3750c12\" data-element_type=\"widget\" data-e-type=\"widget\" data-settings=\"{&quot;columns&quot;:3,&quot;gap&quot;:{&quot;unit&quot;:&quot;px&quot;,&quot;size&quot;:1,&quot;sizes&quot;:[]},&quot;gap_mobile&quot;:{&quot;unit&quot;:&quot;px&quot;,&quot;size&quot;:1,&quot;sizes&quot;:[]},&quot;lazyload&quot;:&quot;yes&quot;,&quot;gallery_layout&quot;:&quot;grid&quot;,&quot;columns_tablet&quot;:2,&quot;columns_mobile&quot;:1,&quot;gap_tablet&quot;:{&quot;unit&quot;:&quot;px&quot;,&quot;size&quot;:10,&quot;sizes&quot;:[]},&quot;link_to&quot;:&quot;file&quot;,&quot;aspect_ratio&quot;:&quot;3:2&quot;,&quot;overlay_background&quot;:&quot;yes&quot;,&quot;content_hover_animation&quot;:&quot;fade-in&quot;}\" data-widget_type=\"gallery.default\">\n\t\t\t\t\t\t\t<div class=\"elementor-gallery__container\">\n\t\t\t\t\t\t\t<a class=\"e-gallery-item elementor-gallery-item elementor-animated-content\" href=\"https:\/\/boats4fun-novalja.com\/wp-content\/uploads\/2025\/04\/semi-2.jpg\" data-elementor-open-lightbox=\"yes\" data-elementor-lightbox-slideshow=\"3750c12\" data-elementor-lightbox-title=\"semi-2\" data-e-action-hash=\"#elementor-action%3Aaction%3Dlightbox%26settings%3DeyJpZCI6MTgxLCJ1cmwiOiJodHRwczpcL1wvYm9hdHM0ZnVuLW5vdmFsamEuY29tXC93cC1jb250ZW50XC91cGxvYWRzXC8yMDI1XC8wNFwvc2VtaS0yLmpwZyIsInNsaWRlc2hvdyI6IjM3NTBjMTIifQ%3D%3D\">\n\t\t\t\t\t<div class=\"e-gallery-image elementor-gallery-item__image\" data-thumbnail=\"https:\/\/boats4fun-novalja.com\/wp-content\/uploads\/2025\/04\/semi-2.jpg\" data-width=\"700\" data-height=\"467\" aria-label=\"\" role=\"img\" ><\/div>\n\t\t\t\t\t\t\t\t\t\t\t<div class=\"elementor-gallery-item__overlay\"><\/div>\n\t\t\t\t\t\t\t\t\t\t\t\t\t\t<\/a>\n\t\t\t\t\t\t\t<a class=\"e-gallery-item elementor-gallery-item elementor-animated-content\" href=\"https:\/\/boats4fun-novalja.com\/wp-content\/uploads\/2025\/04\/podmornica-2.jpg\" data-elementor-open-lightbox=\"yes\" data-elementor-lightbox-slideshow=\"3750c12\" data-elementor-lightbox-title=\"podmornica\" data-e-action-hash=\"#elementor-action%3Aaction%3Dlightbox%26settings%3DeyJpZCI6NDQ2LCJ1cmwiOiJodHRwczpcL1wvYm9hdHM0ZnVuLW5vdmFsamEuY29tXC93cC1jb250ZW50XC91cGxvYWRzXC8yMDI1XC8wNFwvcG9kbW9ybmljYS0yLmpwZyIsInNsaWRlc2hvdyI6IjM3NTBjMTIifQ%3D%3D\">\n\t\t\t\t\t<div class=\"e-gallery-image elementor-gallery-item__image\" data-thumbnail=\"https:\/\/boats4fun-novalja.com\/wp-content\/uploads\/2025\/04\/podmornica-2.jpg\" data-width=\"800\" data-height=\"450\" aria-label=\"\" role=\"img\" ><\/div>\n\t\t\t\t\t\t\t\t\t\t\t<div class=\"elementor-gallery-item__overlay\"><\/div>\n\t\t\t\t\t\t\t\t\t\t\t\t\t\t<\/a>\n\t\t\t\t\t\t\t<a class=\"e-gallery-item elementor-gallery-item elementor-animated-content\" href=\"https:\/\/boats4fun-novalja.com\/wp-content\/uploads\/2025\/04\/podmornica2.jpg\" data-elementor-open-lightbox=\"yes\" data-elementor-lightbox-slideshow=\"3750c12\" data-elementor-lightbox-title=\"podmornica2\" data-e-action-hash=\"#elementor-action%3Aaction%3Dlightbox%26settings%3DeyJpZCI6NDQ3LCJ1cmwiOiJodHRwczpcL1wvYm9hdHM0ZnVuLW5vdmFsamEuY29tXC93cC1jb250ZW50XC91cGxvYWRzXC8yMDI1XC8wNFwvcG9kbW9ybmljYTIuanBnIiwic2xpZGVzaG93IjoiMzc1MGMxMiJ9\">\n\t\t\t\t\t<div class=\"e-gallery-image elementor-gallery-item__image\" data-thumbnail=\"https:\/\/boats4fun-novalja.com\/wp-content\/uploads\/2025\/04\/podmornica2.jpg\" data-width=\"800\" data-height=\"450\" aria-label=\"\" role=\"img\" ><\/div>\n\t\t\t\t\t\t\t\t\t\t\t<div class=\"elementor-gallery-item__overlay\"><\/div>\n\t\t\t\t\t\t\t\t\t\t\t\t\t\t<\/a>\n\t\t\t\t\t\t\t<a class=\"e-gallery-item elementor-gallery-item elementor-animated-content\" href=\"https:\/\/boats4fun-novalja.com\/wp-content\/uploads\/2025\/04\/podmornica-sjedala.jpg\" data-elementor-open-lightbox=\"yes\" data-elementor-lightbox-slideshow=\"3750c12\" data-elementor-lightbox-title=\"podmornica-sjedala\" data-e-action-hash=\"#elementor-action%3Aaction%3Dlightbox%26settings%3DeyJpZCI6NDUwLCJ1cmwiOiJodHRwczpcL1wvYm9hdHM0ZnVuLW5vdmFsamEuY29tXC93cC1jb250ZW50XC91cGxvYWRzXC8yMDI1XC8wNFwvcG9kbW9ybmljYS1zamVkYWxhLmpwZyIsInNsaWRlc2hvdyI6IjM3NTBjMTIifQ%3D%3D\">\n\t\t\t\t\t<div class=\"e-gallery-image elementor-gallery-item__image\" data-thumbnail=\"https:\/\/boats4fun-novalja.com\/wp-content\/uploads\/2025\/04\/podmornica-sjedala.jpg\" data-width=\"800\" data-height=\"450\" aria-label=\"\" role=\"img\" ><\/div>\n\t\t\t\t\t\t\t\t\t\t\t<div class=\"elementor-gallery-item__overlay\"><\/div>\n\t\t\t\t\t\t\t\t\t\t\t\t\t\t<\/a>\n\t\t\t\t\t\t\t<a class=\"e-gallery-item elementor-gallery-item elementor-animated-content\" href=\"https:\/\/boats4fun-novalja.com\/wp-content\/uploads\/2025\/04\/pogle-iz-podmornice.jpg\" data-elementor-open-lightbox=\"yes\" data-elementor-lightbox-slideshow=\"3750c12\" data-elementor-lightbox-title=\"pogle-iz-podmornice\" data-e-action-hash=\"#elementor-action%3Aaction%3Dlightbox%26settings%3DeyJpZCI6NDUxLCJ1cmwiOiJodHRwczpcL1wvYm9hdHM0ZnVuLW5vdmFsamEuY29tXC93cC1jb250ZW50XC91cGxvYWRzXC8yMDI1XC8wNFwvcG9nbGUtaXotcG9kbW9ybmljZS5qcGciLCJzbGlkZXNob3ciOiIzNzUwYzEyIn0%3D\">\n\t\t\t\t\t<div class=\"e-gallery-image elementor-gallery-item__image\" data-thumbnail=\"https:\/\/boats4fun-novalja.com\/wp-content\/uploads\/2025\/04\/pogle-iz-podmornice.jpg\" data-width=\"800\" data-height=\"450\" aria-label=\"\" role=\"img\" ><\/div>\n\t\t\t\t\t\t\t\t\t\t\t<div class=\"elementor-gallery-item__overlay\"><\/div>\n\t\t\t\t\t\t\t\t\t\t\t\t\t\t<\/a>\n\t\t\t\t\t\t\t<a class=\"e-gallery-item elementor-gallery-item elementor-animated-content\" href=\"https:\/\/boats4fun-novalja.com\/wp-content\/uploads\/2025\/04\/podmornica-prozor.jpg\" data-elementor-open-lightbox=\"yes\" data-elementor-lightbox-slideshow=\"3750c12\" data-elementor-lightbox-title=\"podmornica-prozor\" data-e-action-hash=\"#elementor-action%3Aaction%3Dlightbox%26settings%3DeyJpZCI6NDQ5LCJ1cmwiOiJodHRwczpcL1wvYm9hdHM0ZnVuLW5vdmFsamEuY29tXC93cC1jb250ZW50XC91cGxvYWRzXC8yMDI1XC8wNFwvcG9kbW9ybmljYS1wcm96b3IuanBnIiwic2xpZGVzaG93IjoiMzc1MGMxMiJ9\">\n\t\t\t\t\t<div class=\"e-gallery-image elementor-gallery-item__image\" data-thumbnail=\"https:\/\/boats4fun-novalja.com\/wp-content\/uploads\/2025\/04\/podmornica-prozor.jpg\" data-width=\"800\" data-height=\"450\" aria-label=\"\" role=\"img\" ><\/div>\n\t\t\t\t\t\t\t\t\t\t\t<div class=\"elementor-gallery-item__overlay\"><\/div>\n\t\t\t\t\t\t\t\t\t\t\t\t\t\t<\/a>\n\t\t\t\t\t\t\t<a class=\"e-gallery-item elementor-gallery-item elementor-animated-content\" href=\"https:\/\/boats4fun-novalja.com\/wp-content\/uploads\/2025\/04\/semi-1.jpg\" data-elementor-open-lightbox=\"yes\" data-elementor-lightbox-slideshow=\"3750c12\" data-elementor-lightbox-title=\"semi-1\" data-e-action-hash=\"#elementor-action%3Aaction%3Dlightbox%26settings%3DeyJpZCI6MTgwLCJ1cmwiOiJodHRwczpcL1wvYm9hdHM0ZnVuLW5vdmFsamEuY29tXC93cC1jb250ZW50XC91cGxvYWRzXC8yMDI1XC8wNFwvc2VtaS0xLmpwZyIsInNsaWRlc2hvdyI6IjM3NTBjMTIifQ%3D%3D\">\n\t\t\t\t\t<div class=\"e-gallery-image elementor-gallery-item__image\" data-thumbnail=\"https:\/\/boats4fun-novalja.com\/wp-content\/uploads\/2025\/04\/semi-1.jpg\" data-width=\"700\" data-height=\"467\" aria-label=\"\" role=\"img\" ><\/div>\n\t\t\t\t\t\t\t\t\t\t\t<div class=\"elementor-gallery-item__overlay\"><\/div>\n\t\t\t\t\t\t\t\t\t\t\t\t\t\t<\/a>\n\t\t\t\t\t\t\t<a class=\"e-gallery-item elementor-gallery-item elementor-animated-content\" href=\"https:\/\/boats4fun-novalja.com\/wp-content\/uploads\/2025\/04\/podmornica-izvana.jpg\" data-elementor-open-lightbox=\"yes\" data-elementor-lightbox-slideshow=\"3750c12\" data-elementor-lightbox-title=\"podmornica-izvana\" data-e-action-hash=\"#elementor-action%3Aaction%3Dlightbox%26settings%3DeyJpZCI6NDQ4LCJ1cmwiOiJodHRwczpcL1wvYm9hdHM0ZnVuLW5vdmFsamEuY29tXC93cC1jb250ZW50XC91cGxvYWRzXC8yMDI1XC8wNFwvcG9kbW9ybmljYS1penZhbmEuanBnIiwic2xpZGVzaG93IjoiMzc1MGMxMiJ9\">\n\t\t\t\t\t<div class=\"e-gallery-image elementor-gallery-item__image\" data-thumbnail=\"https:\/\/boats4fun-novalja.com\/wp-content\/uploads\/2025\/04\/podmornica-izvana.jpg\" data-width=\"800\" data-height=\"450\" aria-label=\"\" role=\"img\" ><\/div>\n\t\t\t\t\t\t\t\t\t\t\t<div class=\"elementor-gallery-item__overlay\"><\/div>\n\t\t\t\t\t\t\t\t\t\t\t\t\t\t<\/a>\n\t\t\t\t\t\t\t<a class=\"e-gallery-item elementor-gallery-item elementor-animated-content\" href=\"https:\/\/boats4fun-novalja.com\/wp-content\/uploads\/2025\/04\/semi-3.jpg\" data-elementor-open-lightbox=\"yes\" data-elementor-lightbox-slideshow=\"3750c12\" data-elementor-lightbox-title=\"semi-3\" data-e-action-hash=\"#elementor-action%3Aaction%3Dlightbox%26settings%3DeyJpZCI6MTgyLCJ1cmwiOiJodHRwczpcL1wvYm9hdHM0ZnVuLW5vdmFsamEuY29tXC93cC1jb250ZW50XC91cGxvYWRzXC8yMDI1XC8wNFwvc2VtaS0zLmpwZyIsInNsaWRlc2hvdyI6IjM3NTBjMTIifQ%3D%3D\">\n\t\t\t\t\t<div class=\"e-gallery-image elementor-gallery-item__image\" data-thumbnail=\"https:\/\/boats4fun-novalja.com\/wp-content\/uploads\/2025\/04\/semi-3.jpg\" data-width=\"700\" data-height=\"467\" aria-label=\"\" role=\"img\" ><\/div>\n\t\t\t\t\t\t\t\t\t\t\t<div class=\"elementor-gallery-item__overlay\"><\/div>\n\t\t\t\t\t\t\t\t\t\t\t\t\t\t<\/a>\n\t\t\t\t\t<\/div>\n\t\t\t\t\t<\/div>\n\t\t\t\t<\/div>\n\t\t\t\t<\/div>\n\t\t\t\t<\/div>\n\t\t","protected":false},"excerpt":{"rendered":"<p>Polu Podmornica do\u017eivite \u010daroliju podmorja, bogatstvo morskog svijeta bez ronjenja Polu Podmornica Krenite na nezaboravno putovanje polupodmornicom i do\u017eivite \u010daroliju podmorja \u2013 sigurno, udobno i bez ronjenja! Kroz velike staklene prozore pru\u017ea se fascinantan pogled na bogatstvo morskog svijeta. Budu\u0107i da plovilo ne uranja potpuno, vo\u017enja je pogodna i za osobe koje pate od klaustrofobije [&hellip;]<\/p>\n","protected":false},"author":1,"featured_media":0,"parent":0,"menu_order":0,"comment_status":"closed","ping_status":"closed","template":"","meta":{"footnotes":""},"class_list":["post-365","page","type-page","status-publish","hentry"],"_links":{"self":[{"href":"https:\/\/boats4fun-novalja.com\/en\/wp-json\/wp\/v2\/pages\/365","targetHints":{"allow":["GET"]}}],"collection":[{"href":"https:\/\/boats4fun-novalja.com\/en\/wp-json\/wp\/v2\/pages"}],"about":[{"href":"https:\/\/boats4fun-novalja.com\/en\/wp-json\/wp\/v2\/types\/page"}],"author":[{"embeddable":true,"href":"https:\/\/boats4fun-novalja.com\/en\/wp-json\/wp\/v2\/users\/1"}],"replies":[{"embeddable":true,"href":"https:\/\/boats4fun-novalja.com\/en\/wp-json\/wp\/v2\/comments?post=365"}],"version-history":[{"count":28,"href":"https:\/\/boats4fun-novalja.com\/en\/wp-json\/wp\/v2\/pages\/365\/revisions"}],"predecessor-version":[{"id":541,"href":"https:\/\/boats4fun-novalja.com\/en\/wp-json\/wp\/v2\/pages\/365\/revisions\/541"}],"wp:attachment":[{"href":"https:\/\/boats4fun-novalja.com\/en\/wp-json\/wp\/v2\/media?parent=365"}],"curies":[{"name":"wp","href":"https:\/\/api.w.org\/{rel}","templated":true}]}}